{"id":115,"date":"2025-10-24T08:13:43","date_gmt":"2025-10-24T06:13:43","guid":{"rendered":"https:\/\/expertisedevistravaux.com\/?page_id=115"},"modified":"2025-10-24T10:06:38","modified_gmt":"2025-10-24T08:06:38","slug":"cookies","status":"publish","type":"page","link":"https:\/\/expertisedevistravaux.com\/index.php\/cookies\/","title":{"rendered":"Politique de cookies"},"content":{"rendered":"\n<h2 class=\"wp-block-heading\">Introduction g\u00e9n\u00e9rale&nbsp;:<\/h2>\n\n\n\n<p>Notre site utilise des cookies pour am\u00e9liorer votre exp\u00e9rience de navigation. En continuant \u00e0 utiliser notre site, vous acceptez notre utilisation de cookies conform\u00e9ment \u00e0 notre politique de confidentialit\u00e9.<\/p>\n\n\n\n<h2 class=\"wp-block-heading\">Pr\u00e9cision sur les types de cookies utilis\u00e9s&nbsp;: <\/h2>\n\n\n\n<p>Nous utilisons diff\u00e9rents types de cookies sur notre site, notamment des cookies de performance, de fonctionnalit\u00e9 et de ciblage. Les cookies de performance nous permettent d&rsquo;\u00e9valuer l&rsquo;efficacit\u00e9 de notre site et d&rsquo;am\u00e9liorer ses performances. Les cookies de fonctionnalit\u00e9 nous permettent de vous offrir une exp\u00e9rience personnalis\u00e9e en fonction de vos pr\u00e9f\u00e9rences. Les cookies de ciblage nous permettent de vous proposer du contenu et de la publicit\u00e9 adapt\u00e9s \u00e0 vos centres d&rsquo;int\u00e9r\u00eat.<\/p>\n\n\n\n<h2 class=\"wp-block-heading\">Pr\u00e9cision sur la gestion des cookies&nbsp;:<\/h2>\n\n\n\n<p>Vous pouvez g\u00e9rer vos pr\u00e9f\u00e9rences en mati\u00e8re de cookies en modifiant les param\u00e8tres de votre navigateur ou en utilisant des outils de gestion de cookies tels que le module de gestion de cookies de notre site. Vous pouvez \u00e9galement refuser tous les cookies en configurant votre navigateur de mani\u00e8re appropri\u00e9e.<\/p>\n\n\n\n<h2 class=\"wp-block-heading\">Mention de la politique de confidentialit\u00e9 :<\/h2>\n\n\n\n<p>Pour en savoir plus sur notre utilisation des cookies et sur la mani\u00e8re dont nous traitons vos donn\u00e9es personnelles, veuillez consulter notre politique de confidentialit\u00e9.<\/p>\n","protected":false},"excerpt":{"rendered":"<p>Introduction g\u00e9n\u00e9rale&nbsp;: Notre site utilise des cookies pour am\u00e9liorer votre exp\u00e9rience de navigation. En continuant [&hellip;]<\/p>\n","protected":false},"author":1,"featured_media":0,"parent":0,"menu_order":0,"comment_status":"closed","ping_status":"closed","template":"","meta":{"footnotes":""},"class_list":["post-115","page","type-page","status-publish","hentry"],"_links":{"self":[{"href":"https:\/\/expertisedevistravaux.com\/index.php\/wp-json\/wp\/v2\/pages\/115","targetHints":{"allow":["GET"]}}],"collection":[{"href":"https:\/\/expertisedevistravaux.com\/index.php\/wp-json\/wp\/v2\/pages"}],"about":[{"href":"https:\/\/expertisedevistravaux.com\/index.php\/wp-json\/wp\/v2\/types\/page"}],"author":[{"embeddable":true,"href":"https:\/\/expertisedevistravaux.com\/index.php\/wp-json\/wp\/v2\/users\/1"}],"replies":[{"embeddable":true,"href":"https:\/\/expertisedevistravaux.com\/index.php\/wp-json\/wp\/v2\/comments?post=115"}],"version-history":[{"count":2,"href":"https:\/\/expertisedevistravaux.com\/index.php\/wp-json\/wp\/v2\/pages\/115\/revisions"}],"predecessor-version":[{"id":119,"href":"https:\/\/expertisedevistravaux.com\/index.php\/wp-json\/wp\/v2\/pages\/115\/revisions\/119"}],"wp:attachment":[{"href":"https:\/\/expertisedevistravaux.com\/index.php\/wp-json\/wp\/v2\/media?parent=115"}],"curies":[{"name":"wp","href":"https:\/\/api.w.org\/{rel}","templated":true}]}}